{"id":18,"date":"2019-01-25T13:09:19","date_gmt":"2019-01-25T18:09:19","guid":{"rendered":"https:\/\/tastierr.com\/?page_id=18"},"modified":"2019-01-25T15:26:58","modified_gmt":"2019-01-25T20:26:58","slug":"terms-and-condition","status":"publish","type":"page","link":"https:\/\/tastierr.com\/de\/bedingungen-und-konditionen\/","title":{"rendered":"Bedingungen und Konditionen"},"content":{"rendered":"<p>Willkommen bei tastierr.com. Wenn Sie diese Website weiter durchsuchen und nutzen, erkl\u00e4ren Sie sich mit den folgenden Nutzungsbedingungen einverstanden, die zusammen mit unseren\u00a0<a href=\"https:\/\/tastierr.com\/de\/datenschutzbestimmungen\/\">Datenschutzbestimmungen<\/a>\u00a0regeln tastierr.com<em>'s<\/em>\u00a0Beziehung zu Ihnen in Bezug auf diese Website.<\/p>\n<p>Der Begriff tastierr.com oder 'wir' oder 'wir' bezieht sich auf den Eigent\u00fcmer der Website. Der Begriff 'Sie' bezieht sich auf den Benutzer oder Betrachter unserer Website. Die Nutzung dieser Website unterliegt den folgenden Nutzungsbedingungen:<\/p>\n<ul>\n<li>Der Inhalt der Seiten dieser Website dient nur zu Ihrer allgemeinen Information und Nutzung. Er kann ohne vorherige Ank\u00fcndigung ge\u00e4ndert werden.<\/li>\n<li>Weder wir noch Dritte \u00fcbernehmen eine Garantie oder Gew\u00e4hrleistung f\u00fcr die Richtigkeit, Aktualit\u00e4t, Leistung, Vollst\u00e4ndigkeit oder Eignung der auf dieser Website gefundenen oder angebotenen Informationen und Materialien f\u00fcr einen bestimmten Zweck. Sie erkennen an, dass solche Informationen und Materialien Ungenauigkeiten oder Fehler enthalten k\u00f6nnen, und wir schlie\u00dfen ausdr\u00fccklich die Haftung f\u00fcr solche Ungenauigkeiten oder Fehler im vollen gesetzlich zul\u00e4ssigen Umfang aus.<\/li>\n<li>Die Nutzung von Informationen oder Materialien auf dieser Website erfolgt ausschlie\u00dflich auf Ihr eigenes Risiko, f\u00fcr das wir nicht haften. Es liegt in Ihrer eigenen Verantwortung, sicherzustellen, dass die auf dieser Website angebotenen Produkte, Dienstleistungen oder Informationen Ihren spezifischen Anforderungen entsprechen.<\/li>\n<li>Diese Website enth\u00e4lt Material, das unser Eigentum ist oder f\u00fcr das wir eine Lizenz besitzen. Zu diesem Material geh\u00f6ren unter anderem das Design, das Layout, das Aussehen, das Erscheinungsbild und die Grafiken. Die Vervielf\u00e4ltigung ist nur in \u00dcbereinstimmung mit dem Urheberrechtsvermerk gestattet, der Teil dieser Bedingungen ist.<\/li>\n<li>Alle auf dieser Website wiedergegebenen Marken, die nicht Eigentum des Betreibers sind oder f\u00fcr die er eine Lizenz besitzt, sind auf der Website angegeben.<\/li>\n<li>Die unbefugte Nutzung dieser Website kann zu Schadensersatzanspr\u00fcchen f\u00fchren und\/oder eine Straftat darstellen.<\/li>\n<li>Von Zeit zu Zeit kann diese Website auch Links zu anderen Websites enthalten. Diese Links werden zu Ihrer Bequemlichkeit bereitgestellt, um weitere Informationen zu liefern. Sie bedeuten nicht, dass wir die betreffende(n) Website(s) bef\u00fcrworten. Wir \u00fcbernehmen keine Verantwortung f\u00fcr den Inhalt der verlinkten Website(s).<\/li>\n<li>Sie d\u00fcrfen keinen Link zu dieser Website von einer anderen Website oder einem anderen Dokument aus erstellen, ohne dass tastierr.com<em>'s\u00a0<\/em>vorherige schriftliche Zustimmung.<\/li>\n<li>Einige der Links, die Sie auf tastierr.com finden, sind \"Affiliate Links\". Das bedeutet, wenn Sie auf den Link klicken und den Artikel kaufen, erhalte ich eine Provision. Unabh\u00e4ngig davon empfehle ich nur Produkte oder Dienstleistungen, die ich pers\u00f6nlich benutze und von denen ich glaube, dass sie einen Mehrwert f\u00fcr meine Leser darstellen. Ich gebe dies in \u00dcbereinstimmung mit den Richtlinien der Federal Trade Commission bekannt.\u00a0<a href=\"http:\/\/www.access.gpo.gov\/nara\/cfr\/waisidx_03\/16cfr255_03.html\" target=\"_blank\" rel=\"noopener\">16 CFR, Teil 255<\/a>: \"Leitfaden f\u00fcr die Verwendung von Vermerken und Zeugnissen in der Werbung\".<\/li>\n<\/ul>\n<p style=\"text-align: center;\"><a href=\"https:\/\/tastierr.com\/de\/\">Zur\u00fcck zu Home<\/a><\/p>","protected":false},"excerpt":{"rendered":"<p>Welcome to tastierr.com. If you continue to browse and use this website you are agreeing to comply with and be bound by the following terms and conditions of use, which &#8230; <\/p>\n<p class=\"read-more-container\"><a title=\"Bedingungen und Konditionen\" class=\"read-more button\" href=\"https:\/\/tastierr.com\/de\/bedingungen-und-konditionen\/#more-18\" aria-label=\"Mehr zu den Bedingungen und Konditionen\">Mehr lesen<\/a><\/p>","protected":false},"author":1,"featured_media":0,"parent":0,"menu_order":0,"comment_status":"closed","ping_status":"closed","template":"","meta":{"footnotes":""},"class_list":{"0":"post-18","1":"page","2":"type-page","3":"status-publish","5":"no-featured-image-padding"},"_links":{"self":[{"href":"https:\/\/tastierr.com\/de\/wp-json\/wp\/v2\/pages\/18","targetHints":{"allow":["GET"]}}],"collection":[{"href":"https:\/\/tastierr.com\/de\/wp-json\/wp\/v2\/pages"}],"about":[{"href":"https:\/\/tastierr.com\/de\/wp-json\/wp\/v2\/types\/page"}],"author":[{"embeddable":true,"href":"https:\/\/tastierr.com\/de\/wp-json\/wp\/v2\/users\/1"}],"replies":[{"embeddable":true,"href":"https:\/\/tastierr.com\/de\/wp-json\/wp\/v2\/comments?post=18"}],"version-history":[{"count":0,"href":"https:\/\/tastierr.com\/de\/wp-json\/wp\/v2\/pages\/18\/revisions"}],"wp:attachment":[{"href":"https:\/\/tastierr.com\/de\/wp-json\/wp\/v2\/media?parent=18"}],"curies":[{"name":"wp","href":"https:\/\/api.w.org\/{rel}","templated":true}]}}