{"id":2267,"date":"2021-12-28T17:52:11","date_gmt":"2021-12-28T22:52:11","guid":{"rendered":"https:\/\/tastierr.com\/?page_id=2267"},"modified":"2021-12-28T18:02:05","modified_gmt":"2021-12-28T23:02:05","slug":"recipes-index","status":"publish","type":"page","link":"https:\/\/tastierr.com\/de\/rezepte-index\/","title":{"rendered":"Rezepte Index"},"content":{"rendered":"<div data-elementor-type=\"wp-page\" data-elementor-id=\"2267\" class=\"elementor elementor-2267\" data-elementor-post-type=\"page\">\n\t\t\t\t\t\t<section class=\"elementor-section elementor-top-section elementor-element elementor-element-74b3d40 elementor-section-boxed elementor-section-height-default elementor-section-height-default\" data-id=\"74b3d40\" data-element_type=\"section\">\n\t\t\t\t\t\t<div class=\"elementor-container elementor-column-gap-default\">\n\t\t\t\t\t<div class=\"elementor-column elementor-col-100 elementor-top-column elementor-element elementor-element-9c3e950\" data-id=\"9c3e950\" data-element_type=\"column\">\n\t\t\t<div class=\"elementor-widget-wrap elementor-element-populated\">\n\t\t\t\t\t\t<div class=\"elementor-element elementor-element-e123d41 elementor-widget elementor-widget-text-editor\" data-id=\"e123d41\" data-element_type=\"widget\" data-widget_type=\"text-editor.default\">\n\t\t\t\t<div class=\"elementor-widget-container\">\n\t\t\t\t\t\t\t\t\t<p><strong>Rezepte f\u00fcr die Hei\u00dfluftfritteuse<\/strong><\/p><ul><li><a href=\"https:\/\/tastierr.com\/de\/air-fryer-hash-browns\/\">Air Fryer Hash Browns<\/a><\/li><li><a href=\"https:\/\/tastierr.com\/de\/air-fryer-tater-tots\/\">Frittierte Kartoffelpl\u00e4tzchen<\/a><\/li><li><a href=\"https:\/\/tastierr.com\/de\/air-fryer-asparagus\/\">Spargel aus der Fritteuse<\/a><\/li><li><a href=\"https:\/\/tastierr.com\/de\/air-fryer-drumsticks\/\">Air Fryer Drumsticks<\/a><\/li><li><a href=\"https:\/\/tastierr.com\/de\/luftfritteuse-mais-henne\/\">Cornish Henne aus der Fritteuse<\/a><\/li><li><a href=\"https:\/\/tastierr.com\/de\/luftfritier-kartoffel-keilchen\/\">Fritteusen-Kartoffelspalten<\/a><\/li><li><a href=\"https:\/\/tastierr.com\/de\/air-fryer-brussel-routs\/\">Rosenkohl aus der Fritteuse<\/a><\/li><\/ul><p><strong>Ger\u00e4ucherte Rezepte<\/strong><\/p><ul><li><a href=\"https:\/\/tastierr.com\/de\/geraucherte-suskartoffeln\/\">Ger\u00e4ucherte S\u00fc\u00dfkartoffeln<\/a><\/li><li><a href=\"https:\/\/tastierr.com\/de\/geraucherte-rippchen-nach-st-louis-art\/\">Ger\u00e4ucherte Rippchen nach St. Louis Art<\/a><\/li><li><a href=\"https:\/\/tastierr.com\/de\/geraucherter-boston-butt\/\">Ger\u00e4ucherter Boston Butt<\/a><\/li><li><a href=\"https:\/\/tastierr.com\/de\/geraucherter-mais-kase\/\">Ger\u00e4ucherte Makkaroni und K\u00e4se<\/a><\/li><li><a href=\"https:\/\/tastierr.com\/de\/gerauchertes-schweinelendchen\/\">Ger\u00e4uchertes Schweinelendchen<\/a><\/li><li><a href=\"https:\/\/tastierr.com\/de\/geraucherte-huhnerviertel\/\">Ger\u00e4ucherte H\u00e4hnchen-Viertel<\/a><\/li><li><a href=\"https:\/\/tastierr.com\/de\/raucherhahnchen-trommelstocke\/\">Ger\u00e4ucherte H\u00fchnerkeulen<\/a><\/li><li><a href=\"https:\/\/tastierr.com\/de\/gerauchertes-pulled-pork\/\">Ger\u00e4uchertes Pulled Pork<\/a><\/li><\/ul><div><strong>Andere Rezepte<\/strong><\/div><ul><li><a href=\"https:\/\/tastierr.com\/de\/maulbeerschopfer\/\">Maulbeerschuster<\/a><\/li><li><a href=\"https:\/\/tastierr.com\/de\/authentisches-tirokafteri-rezept\/\">Authentische Tirokafteri<\/a><\/li><li><a href=\"https:\/\/tastierr.com\/de\/gebackene-teriyaki-huhnerflugel\/\">Gebackene Teriyaki-H\u00e4hnchenfl\u00fcgel<\/a><\/li><li><a href=\"https:\/\/tastierr.com\/de\/krabben-lo-mein\/\">Shrimp Lo Mein<\/a><\/li><li><a href=\"https:\/\/tastierr.com\/de\/instant-pot-bratlinge\/\">Instant Pot Brats<\/a><\/li><li><a href=\"https:\/\/tastierr.com\/de\/sauerteig-schoko-chip-kekse\/\">Sauerteig-Schoko-Chip-Kekse<\/a><\/li><\/ul>\t\t\t\t\t\t\t\t<\/div>\n\t\t\t\t<\/div>\n\t\t\t\t\t<\/div>\n\t\t<\/div>\n\t\t\t\t\t<\/div>\n\t\t<\/section>\n\t\t\t\t<\/div>","protected":false},"excerpt":{"rendered":"<p>Air Fryer Recipes Air Fryer Hash Browns Air Fryer Tater Tots Air Fryer Asparagus Air Fryer Drumsticks Air Fryer Cornish Hen Air Fryer Potato Wedges Air Fryer Brussel Sprouts Smoked &#8230; <\/p>\n<p class=\"read-more-container\"><a title=\"Rezepte Index\" class=\"read-more button\" href=\"https:\/\/tastierr.com\/de\/rezepte-index\/#more-2267\" aria-label=\"Mehr zu Recipes Index\">Mehr lesen<\/a><\/p>","protected":false},"author":1,"featured_media":0,"parent":0,"menu_order":0,"comment_status":"closed","ping_status":"closed","template":"page-full-width.php","meta":{"footnotes":""},"class_list":{"0":"post-2267","1":"page","2":"type-page","3":"status-publish","5":"no-featured-image-padding"},"_links":{"self":[{"href":"https:\/\/tastierr.com\/de\/wp-json\/wp\/v2\/pages\/2267","targetHints":{"allow":["GET"]}}],"collection":[{"href":"https:\/\/tastierr.com\/de\/wp-json\/wp\/v2\/pages"}],"about":[{"href":"https:\/\/tastierr.com\/de\/wp-json\/wp\/v2\/types\/page"}],"author":[{"embeddable":true,"href":"https:\/\/tastierr.com\/de\/wp-json\/wp\/v2\/users\/1"}],"replies":[{"embeddable":true,"href":"https:\/\/tastierr.com\/de\/wp-json\/wp\/v2\/comments?post=2267"}],"version-history":[{"count":3,"href":"https:\/\/tastierr.com\/de\/wp-json\/wp\/v2\/pages\/2267\/revisions"}],"predecessor-version":[{"id":2270,"href":"https:\/\/tastierr.com\/de\/wp-json\/wp\/v2\/pages\/2267\/revisions\/2270"}],"wp:attachment":[{"href":"https:\/\/tastierr.com\/de\/wp-json\/wp\/v2\/media?parent=2267"}],"curies":[{"name":"wp","href":"https:\/\/api.w.org\/{rel}","templated":true}]}}