{"id":18,"date":"2019-01-25T13:09:19","date_gmt":"2019-01-25T18:09:19","guid":{"rendered":"https:\/\/tastierr.com\/?page_id=18"},"modified":"2019-01-25T15:26:58","modified_gmt":"2019-01-25T20:26:58","slug":"terms-and-condition","status":"publish","type":"page","link":"https:\/\/tastierr.com\/es\/condiciones-generales\/","title":{"rendered":"Condiciones generales"},"content":{"rendered":"<p>Bienvenido a tastierr.com. Si contin\u00faa navegando y utilizando este sitio web, acepta cumplir y quedar vinculado por los siguientes t\u00e9rminos y condiciones de uso, que junto con nuestro\u00a0<a href=\"https:\/\/tastierr.com\/es\/politica-de-privacidad\/\">pol\u00edtica de privacidad<\/a>\u00a0gobernar tastierr.com<em>'s<\/em>\u00a0relaci\u00f3n con usted en relaci\u00f3n con este sitio web.<\/p>\n<p>El t\u00e9rmino tastierr.com o 'nosotros' se refiere al propietario del sitio web. El t\u00e9rmino \"usted\" se refiere al usuario o visitante de nuestro sitio web. El uso de este sitio web est\u00e1 sujeto a las siguientes condiciones de uso:<\/p>\n<ul>\n<li>El contenido de las p\u00e1ginas de este sitio web es \u00fanicamente para su informaci\u00f3n y uso generales. Est\u00e1 sujeto a cambios sin previo aviso.<\/li>\n<li>Ni nosotros ni terceros proporcionamos garant\u00eda alguna en cuanto a la exactitud, puntualidad, rendimiento, integridad o idoneidad de la informaci\u00f3n y los materiales encontrados u ofrecidos en este sitio web para cualquier fin concreto. Usted reconoce que dicha informaci\u00f3n y materiales pueden contener inexactitudes o errores y nosotros excluimos expresamente toda responsabilidad por tales inexactitudes o errores en la m\u00e1xima medida permitida por la ley.<\/li>\n<li>El uso que usted haga de la informaci\u00f3n o los materiales contenidos en este sitio web ser\u00e1 por su cuenta y riesgo, y no asumiremos responsabilidad alguna por ello. Ser\u00e1 responsabilidad del usuario asegurarse de que los productos, servicios o informaci\u00f3n disponibles a trav\u00e9s de este sitio web satisfacen sus necesidades espec\u00edficas.<\/li>\n<li>Este sitio web contiene material que nos pertenece o para el que tenemos licencia. Este material incluye, entre otros, el dise\u00f1o, la presentaci\u00f3n, el aspecto, la apariencia y los gr\u00e1ficos. Queda prohibida toda reproducci\u00f3n que no se ajuste al aviso de derechos de autor, que forma parte de las presentes condiciones.<\/li>\n<li>Todas las marcas reproducidas en este sitio web, que no son propiedad del operador ni est\u00e1n autorizadas por \u00e9l, se reconocen en el sitio web.<\/li>\n<li>El uso no autorizado de este sitio web puede dar lugar a una reclamaci\u00f3n por da\u00f1os y perjuicios y\/o constituir un delito.<\/li>\n<li>Ocasionalmente, este sitio web tambi\u00e9n puede incluir enlaces a otros sitios web. Estos enlaces se proporcionan para su comodidad con el fin de proporcionarle m\u00e1s informaci\u00f3n. No significan que apoyemos el sitio o sitios web enlazados. No asumimos responsabilidad alguna por el contenido de los sitios web enlazados.<\/li>\n<li>No podr\u00e1 crear un enlace a este sitio web desde otro sitio web o documento sin que tastierr.com<em>'s\u00a0<\/em>consentimiento previo por escrito.<\/li>\n<li>Algunos de los enlaces que se encuentran en tastierr.com son \"enlaces de afiliados\". Esto significa que si haces clic en el enlace y compras el art\u00edculo, recibir\u00e9 una comisi\u00f3n de afiliado. En cualquier caso, yo s\u00f3lo recomiendo productos o servicios que utilizo personalmente y creo que a\u00f1adir\u00e1n valor a mis lectores. Estoy revelando esto de acuerdo con la Comisi\u00f3n Federal de Comercio de\u00a0<a href=\"http:\/\/www.access.gpo.gov\/nara\/cfr\/waisidx_03\/16cfr255_03.html\" target=\"_blank\" rel=\"noopener\">16 CFR, Parte 255<\/a>: \"Gu\u00edas sobre el uso de avales y testimonios en la publicidad\".<\/li>\n<\/ul>\n<p style=\"text-align: center;\"><a href=\"https:\/\/tastierr.com\/es\/\">Volver al inicio<\/a><\/p>","protected":false},"excerpt":{"rendered":"<p>Welcome to tastierr.com. If you continue to browse and use this website you are agreeing to comply with and be bound by the following terms and conditions of use, which &#8230; <\/p>\n<p class=\"read-more-container\"><a title=\"Condiciones generales\" class=\"read-more button\" href=\"https:\/\/tastierr.com\/es\/condiciones-generales\/#more-18\" aria-label=\"M\u00e1s en Condiciones generales\">Seguir leyendo<\/a><\/p>","protected":false},"author":1,"featured_media":0,"parent":0,"menu_order":0,"comment_status":"closed","ping_status":"closed","template":"","meta":{"footnotes":""},"class_list":{"0":"post-18","1":"page","2":"type-page","3":"status-publish","5":"no-featured-image-padding"},"_links":{"self":[{"href":"https:\/\/tastierr.com\/es\/wp-json\/wp\/v2\/pages\/18","targetHints":{"allow":["GET"]}}],"collection":[{"href":"https:\/\/tastierr.com\/es\/wp-json\/wp\/v2\/pages"}],"about":[{"href":"https:\/\/tastierr.com\/es\/wp-json\/wp\/v2\/types\/page"}],"author":[{"embeddable":true,"href":"https:\/\/tastierr.com\/es\/wp-json\/wp\/v2\/users\/1"}],"replies":[{"embeddable":true,"href":"https:\/\/tastierr.com\/es\/wp-json\/wp\/v2\/comments?post=18"}],"version-history":[{"count":0,"href":"https:\/\/tastierr.com\/es\/wp-json\/wp\/v2\/pages\/18\/revisions"}],"wp:attachment":[{"href":"https:\/\/tastierr.com\/es\/wp-json\/wp\/v2\/media?parent=18"}],"curies":[{"name":"wp","href":"https:\/\/api.w.org\/{rel}","templated":true}]}}